{"id":171,"date":"2026-02-15T22:57:45","date_gmt":"2026-02-15T22:57:45","guid":{"rendered":"https:\/\/kristianstadpride.se\/?page_id=171"},"modified":"2026-03-19T20:44:47","modified_gmt":"2026-03-19T20:44:47","slug":"anmalan-prideparaden","status":"publish","type":"page","link":"https:\/\/kristianstadpride.se\/en\/anmalan-prideparaden\/","title":{"rendered":"Anm\u00e4lan till Prideparaden 2026!"},"content":{"rendered":"\n<h3 class=\"wp-block-heading\">Kom och g\u00e5 i paraden med oss!<\/h3>\n\n\n\n<p>Du som \u00e4r privatperson beh\u00f6ver inte anm\u00e4la dig, det \u00e4r bara att ta med dig glatt hum\u00f6r och dyka upp p\u00e5 samlingsplatsen. Ta g\u00e4rna med dig alla du k\u00e4nner! Som privatperson beh\u00f6ver du givetvis inte betala f\u00f6r att g\u00e5 med oss!<\/p>\n\n\n\n<p><strong>Vill ni som organisation anm\u00e4la er till paraden?<\/strong><br>Vi v\u00e4lkomnar f\u00f6reningar, partier och f\u00f6retag som st\u00e5r bakom PRIDE Kristianstads <a href=\"https:\/\/kristianstadpride.se\/vardegrund\/\" target=\"_blank\" rel=\"noopener\" title=\"V\u00e4rdegrund\">v\u00e4rdegrund <\/a>att vara med i paraden! <a href=\"https:\/\/kristianstadpride.se\/vardegrund\/\" target=\"_blank\" rel=\"noopener\" title=\"V\u00e4rdegrund\">L\u00e4s den h\u00e4r!<\/a><br><br>Avgiften f\u00f6r att medverka i paraden \u00e4r 500 kronor. Information om hur betalning ska ske f\u00e5r ni i ert bekr\u00e4ftelsemeddelande fr\u00e5n oss. Avgiften ska vara inbetald senast 30 april 2026.<br>Om avgiften skulle vara sv\u00e5r att betala \u00e4r ni varmt v\u00e4lkomna att kontakta oss via mejl, s\u00e5 hittar vi en l\u00f6sning tillsammans genom m\u00f6jlighet till subvention.<\/p>\n\n\n\n<p>F\u00f6r den som har m\u00f6jlighet att bidra med en extra donation tar vi tacksamt emot det \u2013 varje bidrag hj\u00e4lper oss att forts\u00e4tta utveckla och st\u00e4rka Pride i Kristianstad. En eventuell extra donation \u00e4r helt frivillig och medf\u00f6r inga s\u00e4rskilda f\u00f6rm\u00e5ner, synlighet eller f\u00f6rtur i samband med paraden eller p\u00e5 v\u00e5r hemsida.<\/p>\n\n\n\n<p>Vi ser fram emot att fira tillsammans med er!<\/p>\n\n\n\n<hr class=\"wp-block-separator has-alpha-channel-opacity\"\/>\n\n\n<div class=\"wpforms-container wpforms-block wpforms-block-1dd158c6-7576-40d3-9f89-3c6e51a0ebfa wpforms-render-modern\" id=\"wpforms-165\"><form id=\"wpforms-form-165\" class=\"wpforms-validate wpforms-form wpforms-ajax-form\" data-formid=\"165\" method=\"post\" enctype=\"multipart\/form-data\" action=\"\/en\/wp-json\/wp\/v2\/pages\/171\" data-token=\"187bce8222dd49ebd8fa0d38ba09ac68\" data-token-time=\"1777210756\"><noscript class=\"wpforms-error-noscript\">Please enable JavaScript in your browser to complete this form.<\/noscript><div id=\"wpforms-error-noscript\" style=\"display: none;\">Please enable JavaScript in your browser to complete this form.<\/div><div class=\"wpforms-field-container\"><div id=\"wpforms-165-field_7-container\" class=\"wpforms-field wpforms-field-checkbox\" data-field-id=\"7\"><fieldset><legend class=\"wpforms-field-label\">Ja, vi vill delta i paraden den 30 maj! <span class=\"wpforms-required-label\" aria-hidden=\"true\">*<\/span><\/legend><ul id=\"wpforms-165-field_7\" class=\"wpforms-field-required\"><li class=\"choice-1 depth-1\"><input type=\"checkbox\" id=\"wpforms-165-field_7_1\" name=\"wpforms[fields][7][]\" value=\"Vi har l\u00e4st v\u00e4rdegrunden och st\u00e4ller oss bakom den.\" aria-errormessage=\"wpforms-165-field_7_1-error\" required ><label class=\"wpforms-field-label-inline\" for=\"wpforms-165-field_7_1\">Vi har l\u00e4st v\u00e4rdegrunden och st\u00e4ller oss bakom den.<\/label><\/li><\/ul><\/fieldset><\/div><div id=\"wpforms-165-field_8-container\" class=\"wpforms-field wpforms-field-text\" data-field-id=\"8\"><label class=\"wpforms-field-label\" for=\"wpforms-165-field_8\">Namn p\u00e5 f\u00f6retag\/organisation\/parti<\/label><input type=\"text\" id=\"wpforms-165-field_8\" class=\"wpforms-field-large\" name=\"wpforms[fields][8]\" aria-errormessage=\"wpforms-165-field_8-error\" ><\/div><div id=\"wpforms-165-field_10-container\" class=\"wpforms-field wpforms-field-checkbox\" data-field-id=\"10\"><fieldset><legend class=\"wpforms-field-label wpforms-label-hide\" aria-hidden=\"false\">Vi som anm\u00e4ler oss g\u00e5r under RF SISU<\/legend><ul id=\"wpforms-165-field_10\"><li class=\"choice-1 depth-1\"><input type=\"checkbox\" id=\"wpforms-165-field_10_1\" name=\"wpforms[fields][10][]\" value=\"Vi som anm\u00e4ler oss g\u00e5r under RF SISU\" aria-errormessage=\"wpforms-165-field_10_1-error\"  ><label class=\"wpforms-field-label-inline\" for=\"wpforms-165-field_10_1\">Vi som anm\u00e4ler oss g\u00e5r under RF SISU<\/label><\/li><\/ul><\/fieldset><\/div><div id=\"wpforms-165-field_4-container\" class=\"wpforms-field wpforms-field-name\" data-field-id=\"4\"><label class=\"wpforms-field-label\" for=\"wpforms-165-field_4\">Kontaktperson f\u00f6r anm\u00e4lan <span class=\"wpforms-required-label\" aria-hidden=\"true\">*<\/span><\/label><input type=\"text\" id=\"wpforms-165-field_4\" class=\"wpforms-field-large wpforms-field-required\" name=\"wpforms[fields][4]\" aria-errormessage=\"wpforms-165-field_4-error\" required><\/div>\t\t<div id=\"wpforms-165-field_1-container\"\n\t\t\tclass=\"wpforms-field wpforms-field-text\"\n\t\t\tdata-field-type=\"text\"\n\t\t\tdata-field-id=\"1\"\n\t\t\t>\n\t\t\t<label class=\"wpforms-field-label\" for=\"wpforms-165-field_1\" >paraden delta vi<\/label>\n\t\t\t<input type=\"text\" id=\"wpforms-165-field_1\" class=\"wpforms-field-medium\" name=\"wpforms[fields][1]\" >\n\t\t<\/div>\n\t\t<div id=\"wpforms-165-field_5-container\" class=\"wpforms-field wpforms-field-email\" data-field-id=\"5\"><label class=\"wpforms-field-label\" for=\"wpforms-165-field_5\">E-post kontaktperson <span class=\"wpforms-required-label\" aria-hidden=\"true\">*<\/span><\/label><input type=\"email\" id=\"wpforms-165-field_5\" class=\"wpforms-field-large wpforms-field-required\" name=\"wpforms[fields][5]\" spellcheck=\"false\" aria-errormessage=\"wpforms-165-field_5-error\" required><\/div><script>\n\t\t\t\t( function() {\n\t\t\t\t\tconst style = document.createElement( 'style' );\n\t\t\t\t\tstyle.appendChild( document.createTextNode( '#wpforms-165-field_1-container { position: absolute !important; overflow: hidden !important; display: inline !important; height: 1px !important; width: 1px !important; z-index: -1000 !important; padding: 0 !important; } #wpforms-165-field_1-container input { visibility: hidden; } #wpforms-conversational-form-page #wpforms-165-field_1-container label { counter-increment: none; }' ) );\n\t\t\t\t\tdocument.head.appendChild( style );\n\t\t\t\t\tdocument.currentScript?.remove();\n\t\t\t\t} )();\n\t\t\t<\/script><\/div><!-- .wpforms-field-container --><div class=\"wpforms-recaptcha-container wpforms-is-recaptcha wpforms-is-recaptcha-type-invisible\" ><div class=\"g-recaptcha\" data-sitekey=\"6LesCHAsAAAAAIhva1deqW9SNV1k7lf62tGh3GG5\" data-size=\"invisible\"><\/div><\/div><div class=\"wpforms-submit-container\" ><input type=\"hidden\" name=\"wpforms[id]\" value=\"165\"><input type=\"hidden\" name=\"page_title\" value=\"\"><input type=\"hidden\" name=\"page_url\" value=\"https:\/\/kristianstadpride.se\/en\/wp-json\/wp\/v2\/pages\/171\"><input type=\"hidden\" name=\"url_referer\" value=\"\"><button type=\"submit\" name=\"wpforms[submit]\" id=\"wpforms-submit-165\" class=\"wpforms-submit\" data-alt-text=\"Skickar \u2026\" data-submit-text=\"Skicka\" aria-live=\"assertive\" value=\"wpforms-submit\">Skicka<\/button><img loading=\"lazy\" decoding=\"async\" src=\"https:\/\/kristianstadpride.se\/wp-content\/plugins\/wpforms-lite\/assets\/images\/submit-spin.svg\" class=\"wpforms-submit-spinner\" style=\"display: none;\" width=\"26\" height=\"26\" alt=\"Loading\"><\/div><\/form><\/div>  <!-- .wpforms-container -->","protected":false},"excerpt":{"rendered":"<p>Kom och g\u00e5 i paraden med oss! Du som \u00e4r privatperson beh\u00f6ver inte anm\u00e4la dig, det \u00e4r bara att ta med dig glatt hum\u00f6r och dyka upp p\u00e5 samlingsplatsen. Ta [&hellip;]<\/p>\n","protected":false},"author":1,"featured_media":0,"parent":0,"menu_order":0,"comment_status":"closed","ping_status":"closed","template":"page-with-title","meta":{"_monsterinsights_skip_tracking":false,"_monsterinsights_sitenote_active":false,"_monsterinsights_sitenote_note":"","_monsterinsights_sitenote_category":0,"_price":"","_stock":"","_tribe_ticket_header":"","_tribe_default_ticket_provider":"","_tribe_ticket_capacity":"","_ticket_start_date":"","_ticket_end_date":"","_tribe_ticket_show_description":"","_tribe_ticket_show_not_going":false,"_tribe_ticket_use_global_stock":"","_tribe_ticket_global_stock_level":"","_global_stock_mode":"","_global_stock_cap":"","_tribe_rsvp_for_event":"","_tribe_ticket_going_count":"","_tribe_ticket_not_going_count":"","_tribe_tickets_list":"[]","_tribe_ticket_has_attendee_info_fields":false,"_EventAllDay":false,"_EventTimezone":"","_EventStartDate":"","_EventEndDate":"","_EventStartDateUTC":"","_EventEndDateUTC":"","_EventShowMap":false,"_EventShowMapLink":false,"_EventURL":"","_EventCost":"","_EventCostDescription":"","_EventCurrencySymbol":"","_EventCurrencyCode":"","_EventCurrencyPosition":"","_EventDateTimeSeparator":"","_EventTimeRangeSeparator":"","_EventOrganizerID":[],"_EventVenueID":[],"_OrganizerEmail":"","_OrganizerPhone":"","_OrganizerWebsite":"","_VenueAddress":"","_VenueCity":"","_VenueCountry":"","_VenueProvince":"","_VenueState":"","_VenueZip":"","_VenuePhone":"","_VenueURL":"","_VenueStateProvince":"","_VenueLat":"","_VenueLng":"","_VenueShowMap":false,"_VenueShowMapLink":false,"footnotes":""},"class_list":["post-171","page","type-page","status-publish","hentry"],"aioseo_notices":[],"_links":{"self":[{"href":"https:\/\/kristianstadpride.se\/en\/wp-json\/wp\/v2\/pages\/171","targetHints":{"allow":["GET"]}}],"collection":[{"href":"https:\/\/kristianstadpride.se\/en\/wp-json\/wp\/v2\/pages"}],"about":[{"href":"https:\/\/kristianstadpride.se\/en\/wp-json\/wp\/v2\/types\/page"}],"author":[{"embeddable":true,"href":"https:\/\/kristianstadpride.se\/en\/wp-json\/wp\/v2\/users\/1"}],"replies":[{"embeddable":true,"href":"https:\/\/kristianstadpride.se\/en\/wp-json\/wp\/v2\/comments?post=171"}],"version-history":[{"count":8,"href":"https:\/\/kristianstadpride.se\/en\/wp-json\/wp\/v2\/pages\/171\/revisions"}],"predecessor-version":[{"id":234,"href":"https:\/\/kristianstadpride.se\/en\/wp-json\/wp\/v2\/pages\/171\/revisions\/234"}],"wp:attachment":[{"href":"https:\/\/kristianstadpride.se\/en\/wp-json\/wp\/v2\/media?parent=171"}],"curies":[{"name":"wp","href":"https:\/\/api.w.org\/{rel}","templated":true}]}}