{"id":37,"date":"2026-01-19T18:34:25","date_gmt":"2026-01-19T18:34:25","guid":{"rendered":"https:\/\/kristianstadpride.se\/team\/"},"modified":"2026-02-04T21:34:55","modified_gmt":"2026-02-04T21:34:55","slug":"team","status":"publish","type":"page","link":"https:\/\/kristianstadpride.se\/en\/team\/","title":{"rendered":"Om oss"},"content":{"rendered":"<div class=\"wp-block-group alignfull is-style-ext-preset--group--natural-1--section has-background-background-color has-background has-global-padding is-layout-constrained wp-container-core-group-is-layout-e955bbaf wp-block-group-is-layout-constrained\" id=\"team\" style=\"margin-top:0;margin-bottom:0;padding-top:var(--wp--preset--spacing--70);padding-bottom:var(--wp--preset--spacing--70)\">\n<div class=\"wp-block-group alignwide is-vertical is-content-justification-center is-layout-flex wp-container-core-group-is-layout-c9ee0c5a wp-block-group-is-layout-flex\">\n<div class=\"wp-block-group has-global-padding is-layout-constrained wp-container-core-group-is-layout-2287c683 wp-block-group-is-layout-constrained\">\n<h2 class=\"wp-block-heading has-text-align-center\">Vi arrangerar Pride<\/h2>\n\n\n\n<p class=\"has-text-align-center\">RFSL Kristianstad, ABF och Regnb\u00e5gstr\u00e4ffar Kristianstad<br>\u00e4r huvudarrang\u00f6rer av Kristianstad Pride!<\/p>\n<\/div>\n<\/div>\n\n\n\n<div class=\"wp-block-columns alignwide is-layout-flex wp-container-core-columns-is-layout-08c01c1c wp-block-columns-is-layout-flex\">\n<div class=\"wp-block-column is-vertically-aligned-stretch is-layout-flow wp-block-column-is-layout-flow\">\n<div class=\"wp-block-group is-style-ext-preset--group--natural-1--item-card-1--align-center has-global-padding is-layout-constrained wp-block-group-is-layout-constrained is-style-ext-preset--group--natural-1--item-card-1--align-center--2\">\n<figure class=\"wp-block-image aligncenter size-full is-resized\"><a href=\"https:\/\/kristianstad.rfsl.se\/\" target=\"_blank\" rel=\" noreferrer noopener\"><img loading=\"lazy\" decoding=\"async\" width=\"234\" height=\"91\" src=\"https:\/\/kristianstadpride.se\/wp-content\/uploads\/2026\/02\/KristianstadRFSL.jpg\" alt=\"\" class=\"wp-image-120\" style=\"width:272px;height:auto\"\/><\/a><\/figure>\n\n\n\n<div class=\"wp-block-group is-style-default has-global-padding is-layout-constrained wp-block-group-is-layout-constrained\">\n<h3 class=\"wp-block-heading\" style=\"font-size:clamp(14px, 0.875rem + ((1vw - 3.2px) * 0.625), 20px);\">RFSL Kristianstad<\/h3>\n\n\n\n<p style=\"margin-top:0;margin-bottom:0;font-size:clamp(14px, 0.875rem + ((1vw - 3.2px) * 0.417), 18px);\"><\/p>\n\n\n\n<p>H\u00e4r kan du l\u00e4sa mer om<br><a href=\"https:\/\/kristianstad.rfsl.se\/\" target=\"_blank\" rel=\"noopener\" title=\"\">RFSL Kristianstad<\/a><\/p>\n<\/div>\n<\/div>\n<\/div>\n\n\n\n<div class=\"wp-block-column is-vertically-aligned-stretch is-layout-flow wp-block-column-is-layout-flow\">\n<div class=\"wp-block-group is-style-ext-preset--group--natural-1--item-card-1--align-center has-global-padding is-layout-constrained wp-block-group-is-layout-constrained is-style-ext-preset--group--natural-1--item-card-1--align-center--3\">\n<figure class=\"wp-block-image aligncenter size-large is-resized\"><a href=\"https:\/\/www.abf.se\/ostra-skane\/\" target=\"_blank\" rel=\" noreferrer noopener\"><img loading=\"lazy\" decoding=\"async\" width=\"1024\" height=\"1024\" src=\"https:\/\/kristianstadpride.se\/wp-content\/uploads\/2026\/01\/ABF_logo_rund-1024x1024.png\" alt=\"\" class=\"wp-image-79\" style=\"object-fit:cover;width:109px;height:auto\" srcset=\"https:\/\/kristianstadpride.se\/wp-content\/uploads\/2026\/01\/ABF_logo_rund-1024x1024.png 1024w, https:\/\/kristianstadpride.se\/wp-content\/uploads\/2026\/01\/ABF_logo_rund-300x300.png 300w, https:\/\/kristianstadpride.se\/wp-content\/uploads\/2026\/01\/ABF_logo_rund-150x150.png 150w, https:\/\/kristianstadpride.se\/wp-content\/uploads\/2026\/01\/ABF_logo_rund-768x768.png 768w, https:\/\/kristianstadpride.se\/wp-content\/uploads\/2026\/01\/ABF_logo_rund-1536x1536.png 1536w, https:\/\/kristianstadpride.se\/wp-content\/uploads\/2026\/01\/ABF_logo_rund.png 2000w\" sizes=\"auto, (max-width: 1024px) 100vw, 1024px\" \/><\/a><\/figure>\n\n\n\n<div class=\"wp-block-group is-style-default has-global-padding is-layout-constrained wp-block-group-is-layout-constrained\">\n<h3 class=\"wp-block-heading\" style=\"font-size:clamp(14px, 0.875rem + ((1vw - 3.2px) * 0.625), 20px);\">ABF<\/h3>\n\n\n\n<p style=\"margin-top:0;margin-bottom:0;font-size:clamp(14px, 0.875rem + ((1vw - 3.2px) * 0.417), 18px);\"><\/p>\n\n\n\n<p>H\u00e4r kan du l\u00e4sa mer om <a href=\"https:\/\/www.abf.se\/ostra-skane\/\" target=\"_blank\" rel=\"noopener\" title=\"\">ABF \u00d6stra Sk\u00e5ne<\/a><\/p>\n<\/div>\n<\/div>\n<\/div>\n\n\n\n<div class=\"wp-block-column is-vertically-aligned-stretch is-layout-flow wp-block-column-is-layout-flow\">\n<div class=\"wp-block-group is-style-ext-preset--group--natural-1--item-card-1--align-center has-global-padding is-layout-constrained wp-block-group-is-layout-constrained is-style-ext-preset--group--natural-1--item-card-1--align-center--4\">\n<figure class=\"wp-block-image aligncenter size-full is-resized\"><a href=\"https:\/\/regnbagstraffar.wixsite.com\/regnbagstraffar\" target=\"_blank\" rel=\" noreferrer noopener\"><img loading=\"lazy\" decoding=\"async\" width=\"197\" height=\"228\" src=\"https:\/\/kristianstadpride.se\/wp-content\/uploads\/2026\/01\/rainbow_3.jpg\" alt=\"\" class=\"wp-image-80\" style=\"aspect-ratio:1;object-fit:cover;width:122px;height:auto\"\/><\/a><\/figure>\n\n\n\n<div class=\"wp-block-group is-style-default has-global-padding is-layout-constrained wp-block-group-is-layout-constrained\">\n<h3 class=\"wp-block-heading\" style=\"font-size:clamp(14px, 0.875rem + ((1vw - 3.2px) * 0.625), 20px);\">Regnb\u00e5gstr\u00e4far<\/h3>\n\n\n\n<p style=\"margin-top:0;margin-bottom:0;font-size:clamp(14px, 0.875rem + ((1vw - 3.2px) * 0.417), 18px);\"><\/p>\n\n\n\n<p>H\u00e4r kan du l\u00e4sa mer om<br><a href=\"https:\/\/regnbagstraffar.wixsite.com\/regnbagstraffar\" target=\"_blank\" rel=\"noopener\" title=\"\">Regnb\u00e5gstr\u00e4ffar Kristianstad<\/a><\/p>\n<\/div>\n<\/div>\n<\/div>\n<\/div>\n<\/div>","protected":false},"excerpt":{"rendered":"<p>Vi arrangerar Pride RFSL Kristianstad, ABF och Regnb\u00e5gstr\u00e4ffar Kristianstad\u00e4r huvudarrang\u00f6rer av Kristianstad Pride! RFSL Kristianstad H\u00e4r kan du l\u00e4sa mer omRFSL Kristianstad ABF H\u00e4r kan du l\u00e4sa mer om ABF [&hellip;]<\/p>\n","protected":false},"author":1,"featured_media":0,"parent":0,"menu_order":0,"comment_status":"closed","ping_status":"closed","template":"page-with-title","meta":{"_monsterinsights_skip_tracking":false,"_monsterinsights_sitenote_active":false,"_monsterinsights_sitenote_note":"","_monsterinsights_sitenote_category":0,"_price":"","_stock":"","_tribe_ticket_header":"","_tribe_default_ticket_provider":"","_tribe_ticket_capacity":"","_ticket_start_date":"","_ticket_end_date":"","_tribe_ticket_show_description":"","_tribe_ticket_show_not_going":false,"_tribe_ticket_use_global_stock":"","_tribe_ticket_global_stock_level":"","_global_stock_mode":"","_global_stock_cap":"","_tribe_rsvp_for_event":"","_tribe_ticket_going_count":"","_tribe_ticket_not_going_count":"","_tribe_tickets_list":"[]","_tribe_ticket_has_attendee_info_fields":false,"_EventAllDay":false,"_EventTimezone":"","_EventStartDate":"","_EventEndDate":"","_EventStartDateUTC":"","_EventEndDateUTC":"","_EventShowMap":false,"_EventShowMapLink":false,"_EventURL":"","_EventCost":"","_EventCostDescription":"","_EventCurrencySymbol":"","_EventCurrencyCode":"","_EventCurrencyPosition":"","_EventDateTimeSeparator":"","_EventTimeRangeSeparator":"","_EventOrganizerID":[],"_EventVenueID":[],"_OrganizerEmail":"","_OrganizerPhone":"","_OrganizerWebsite":"","_VenueAddress":"","_VenueCity":"","_VenueCountry":"","_VenueProvince":"","_VenueState":"","_VenueZip":"","_VenuePhone":"","_VenueURL":"","_VenueStateProvince":"","_VenueLat":"","_VenueLng":"","_VenueShowMap":false,"_VenueShowMapLink":false,"footnotes":""},"class_list":["post-37","page","type-page","status-publish","hentry"],"aioseo_notices":[],"_links":{"self":[{"href":"https:\/\/kristianstadpride.se\/en\/wp-json\/wp\/v2\/pages\/37","targetHints":{"allow":["GET"]}}],"collection":[{"href":"https:\/\/kristianstadpride.se\/en\/wp-json\/wp\/v2\/pages"}],"about":[{"href":"https:\/\/kristianstadpride.se\/en\/wp-json\/wp\/v2\/types\/page"}],"author":[{"embeddable":true,"href":"https:\/\/kristianstadpride.se\/en\/wp-json\/wp\/v2\/users\/1"}],"replies":[{"embeddable":true,"href":"https:\/\/kristianstadpride.se\/en\/wp-json\/wp\/v2\/comments?post=37"}],"version-history":[{"count":6,"href":"https:\/\/kristianstadpride.se\/en\/wp-json\/wp\/v2\/pages\/37\/revisions"}],"predecessor-version":[{"id":124,"href":"https:\/\/kristianstadpride.se\/en\/wp-json\/wp\/v2\/pages\/37\/revisions\/124"}],"wp:attachment":[{"href":"https:\/\/kristianstadpride.se\/en\/wp-json\/wp\/v2\/media?parent=37"}],"curies":[{"name":"wp","href":"https:\/\/api.w.org\/{rel}","templated":true}]}}