{"id":38,"date":"2026-01-19T18:34:27","date_gmt":"2026-01-19T18:34:27","guid":{"rendered":"https:\/\/kristianstadpride.se\/startsida\/"},"modified":"2026-04-21T16:39:14","modified_gmt":"2026-04-21T16:39:14","slug":"startsida","status":"publish","type":"page","link":"https:\/\/kristianstadpride.se\/en\/","title":{"rendered":"Startsida"},"content":{"rendered":"<div class=\"wp-block-group alignfull is-style-ext-preset--group--natural-1--section has-tertiary-background-color has-background has-global-padding is-layout-constrained wp-block-group-is-layout-constrained\" style=\"margin-top:0;margin-bottom:0;padding-top:var(--wp--preset--spacing--70);padding-bottom:var(--wp--preset--spacing--70)\">\n<div class=\"wp-block-group alignwide is-vertical is-content-justification-center is-layout-flex wp-container-core-group-is-layout-c9ee0c5a wp-block-group-is-layout-flex\">\n<div class=\"wp-block-group has-global-padding is-layout-constrained wp-container-core-group-is-layout-dd32767c wp-block-group-is-layout-constrained\">\n<h2 class=\"wp-block-heading has-text-align-center\">Welcome to Kristianstad Pride 2026!<\/h2>\n\n\n\n<p class=\"has-text-align-center\">Pride Kristianstad 2026 is arranged by RFSL, ABF and Regnb\u00e5gstr\u00e4ffar<br>&nbsp;<\/p>\n\n\n\n<div class=\"wp-block-columns is-layout-flex wp-container-core-columns-is-layout-28f84493 wp-block-columns-is-layout-flex\">\n<div class=\"wp-block-column is-layout-flow wp-block-column-is-layout-flow\" style=\"flex-basis:33.33%\">\n<figure class=\"wp-block-image size-full\"><img loading=\"lazy\" decoding=\"async\" width=\"234\" height=\"91\" src=\"https:\/\/kristianstadpride.se\/wp-content\/uploads\/2026\/04\/KristianstadRFSL-1.jpg\" alt=\"\" class=\"wp-image-240\"\/><\/figure>\n<\/div>\n\n\n\n<div class=\"wp-block-column is-layout-flow wp-block-column-is-layout-flow\" style=\"flex-basis:66.66%\">\n<div class=\"wp-block-columns is-layout-flex wp-container-core-columns-is-layout-28f84493 wp-block-columns-is-layout-flex\">\n<div class=\"wp-block-column is-layout-flow wp-block-column-is-layout-flow\">\n<figure class=\"wp-block-image aligncenter size-large is-resized\"><img loading=\"lazy\" decoding=\"async\" width=\"1024\" height=\"1024\" src=\"https:\/\/kristianstadpride.se\/wp-content\/uploads\/2026\/01\/ABF_logo_rund-1024x1024.png\" alt=\"\" class=\"wp-image-79\" style=\"width:108px;height:auto\" srcset=\"https:\/\/kristianstadpride.se\/wp-content\/uploads\/2026\/01\/ABF_logo_rund-1024x1024.png 1024w, https:\/\/kristianstadpride.se\/wp-content\/uploads\/2026\/01\/ABF_logo_rund-300x300.png 300w, https:\/\/kristianstadpride.se\/wp-content\/uploads\/2026\/01\/ABF_logo_rund-150x150.png 150w, https:\/\/kristianstadpride.se\/wp-content\/uploads\/2026\/01\/ABF_logo_rund-768x768.png 768w, https:\/\/kristianstadpride.se\/wp-content\/uploads\/2026\/01\/ABF_logo_rund-1536x1536.png 1536w, https:\/\/kristianstadpride.se\/wp-content\/uploads\/2026\/01\/ABF_logo_rund.png 2000w\" sizes=\"auto, (max-width: 1024px) 100vw, 1024px\" \/><\/figure>\n<\/div>\n\n\n\n<div class=\"wp-block-column is-layout-flow wp-block-column-is-layout-flow\">\n<figure class=\"wp-block-image aligncenter size-large is-resized\"><img loading=\"lazy\" decoding=\"async\" width=\"197\" height=\"228\" src=\"https:\/\/kristianstadpride.se\/wp-content\/uploads\/2026\/01\/rainbow_3.jpg\" alt=\"\" class=\"wp-image-80\" style=\"aspect-ratio:0.8640864086408641;width:95px;height:auto\"\/><\/figure>\n<\/div>\n<\/div>\n<\/div>\n<\/div>\n\n\n\n<p class=\"has-text-align-center\">and is supported by<br>Kristianstad Kommun, Sparbanken Sk\u00e5ne and RF SISU.<\/p>\n\n\n\n<p>Vi tackar \u00e4ven Biljardkompaniet, Hotell C4, Heliga Trefaldighets F\u00f6rsamling, \u00d6ppen kyrka och Kristianstadsbyggen ABK f\u00f6r deras bidrag till att f\u00f6rverkliga \u00e5rets PRIDE i Kristianstad.<\/p>\n\n\n\n<hr class=\"wp-block-separator has-alpha-channel-opacity\"\/>\n\n\n\n<p><strong>Pride week <\/strong>2026 startar under Kulturyran p\u00e5 Kulturhuset Barbacka l\u00f6rdagen den 23 maj med PRE-PRIDE; workshops f\u00f6r unga f\u00f6r att skapa banderoller och plakat inf\u00f6r Pride. Veckan f\u00f6ljs sedan av f\u00f6rel\u00e4sningar och film under dagarna fram till l\u00f6rdagens <a href=\"https:\/\/kristianstadpride.se\/en\/anmalan-prideparaden\/\" target=\"_blank\" rel=\"noopener\" title=\"\">Pride parade <\/a><a href=\"https:\/\/kristianstadpride.se\/en\/anmalan-prideparaden\/\">May 30<\/a> with \"Pride street\" at Lilla Torg that later ends the night with a party.<br><a href=\"https:\/\/kristianstadpride.se\/en\/program\/\" title=\"Program Pride 2026\">H\u00e4r kan du l\u00e4sa hela programmet!<\/a><\/p>\n\n\n\n<p><strong>PRIDEPARADEN l\u00f6rdag 30 maj<br><\/strong>11.30 AM GATHERING at Kristianstad arena, for organizations &amp; volunteers<br>Noon Gathering at Kristianstad arena for private individuals<br>12.30 PM Parade departures from Kristianstad arena<br>1.15 PM (ca) The parade arrives at Lilla Torg&nbsp;<br>1.30 PM - 4.30 PM Pride Street with activities for children &amp; youth by Kulturhuset Barbacka, Kristianstad Youth Center Forum and Kristianstad City Library.<\/p>\n\n\n\n<p>14.00 &#8211; 15.00 Lilla Torg:&nbsp; Malm\u00f6 Opera p\u00e5 lastbil med Rickard S\u00f6derberg och v\u00e4nner: BRAVISSIMO! Se mer info p\u00e5 Kristianstad Teaterf\u00f6renings hemsida<br><a href=\"https:\/\/www.riksteatern.se\/forening\/kristianstads-teaterforening---en-del-av-riksteatern\/\" target=\"_blank\" rel=\"noopener\" title=\"\">Scenkonst som s\u00e4tter tankar och k\u00e4nslor i r\u00f6relse | Kristianstads Teaterf\u00f6rening \u2013 en del av Riksteatern<\/a><\/p>\n\n\n\n<p>Do you, your association or organization want to support, participate, or help sponsor a lecture? Are you as a private individual interested in helping before or on the day as a volunteer? <strong>Register by April 30 at the latest.<\/strong><\/p>\n\n\n\n<p>We welcome associations, parties, and companies that support PRIDE Kristianstad's values to join the parade!<br><a href=\"https:\/\/kristianstadpride.se\/en\/vardegrund\/\">You can find the core values here <\/a>and <a href=\"https:\/\/kristianstadpride.se\/en\/anmalan-prideparaden\/\">you can find the registration form for the parade here<\/a>!<\/p>\n\n\n\n<p class=\"has-text-align-left\"><a href=\"mailto: pride@kristianstad.rfsl.se\" target=\"_blank\" rel=\"noreferrer noopener\">Contact us if you have any questions or want more information!<\/a><\/p>\n<\/div>\n<\/div>\n<\/div>\n\n\n\n<div class=\"wp-block-group alignfull is-style-ext-preset--group--natural-1--section has-background-background-color has-background has-global-padding is-layout-constrained wp-block-group-is-layout-constrained\" style=\"margin-top:0;margin-bottom:0;padding-top:var(--wp--preset--spacing--70);padding-bottom:var(--wp--preset--spacing--70)\">\n<div class=\"wp-block-columns alignwide is-layout-flex wp-container-core-columns-is-layout-174606dc wp-block-columns-is-layout-flex\">\n<div class=\"wp-block-column is-layout-flow wp-block-column-is-layout-flow\">\n<figure class=\"wp-block-image aligncenter size-full is-resized is-style-ext-preset--image--natural-1--image-1--content-right is-style-ext-preset--image--natural-1--image-1--content-right--3\"><img loading=\"lazy\" decoding=\"async\" width=\"600\" height=\"600\" src=\"https:\/\/kristianstadpride.se\/wp-content\/uploads\/2026\/02\/pride_fb_logo-1.png\" alt=\"\" class=\"wp-image-142\" style=\"object-fit:cover;width:326px;height:auto\" srcset=\"https:\/\/kristianstadpride.se\/wp-content\/uploads\/2026\/02\/pride_fb_logo-1.png 600w, https:\/\/kristianstadpride.se\/wp-content\/uploads\/2026\/02\/pride_fb_logo-1-300x300.png 300w, https:\/\/kristianstadpride.se\/wp-content\/uploads\/2026\/02\/pride_fb_logo-1-150x150.png 150w\" sizes=\"auto, (max-width: 600px) 100vw, 600px\" \/><\/figure>\n<\/div>\n\n\n\n<div class=\"wp-block-column is-vertically-aligned-center is-layout-flow wp-block-column-is-layout-flow\">\n<div class=\"wp-block-group alignwide is-vertical is-layout-flex wp-container-core-group-is-layout-c35747d5 wp-block-group-is-layout-flex\">\n<div class=\"wp-block-group has-global-padding is-layout-constrained wp-container-core-group-is-layout-dd32767c wp-block-group-is-layout-constrained\">\n<h2 class=\"wp-block-heading\">Vill du bidra till Pride?<\/h2>\n\n\n\n<p>Vill du, din f\u00f6rening eller organisation st\u00f6tta, medverka eller vara med och sponsra en f\u00f6rel\u00e4sning?&nbsp;\u00c4r du som privatperson intresserad av att hj\u00e4lpa till f\u00f6re eller p\u00e5 dagen som volont\u00e4r?<\/p>\n\n\n\n<p>We welcome associations, parties, and companies that support PRIDE Kristianstad's values to join the parade!<\/p>\n<\/div>\n\n\n\n<div class=\"wp-block-buttons is-layout-flex wp-block-buttons-is-layout-flex\"><\/div>\n<\/div>\n<\/div>\n<\/div>\n<\/div>","protected":false},"excerpt":{"rendered":"<p>V\u00e4lkommen till Kristianstad Pride 2026! Pride Kristianstad 2026 arrangeras av RFSL, ABF och Regnb\u00e5gstr\u00e4ffar&nbsp; och genomf\u00f6rs med st\u00f6d avKristianstad Kommun, Sparbanken Sk\u00e5ne och RF SISU. Vi tackar \u00e4ven Biljardkompaniet, Hotell [&hellip;]<\/p>\n","protected":false},"author":1,"featured_media":0,"parent":0,"menu_order":0,"comment_status":"closed","ping_status":"closed","template":"no-title","meta":{"_monsterinsights_skip_tracking":false,"_monsterinsights_sitenote_active":false,"_monsterinsights_sitenote_note":"","_monsterinsights_sitenote_category":0,"_price":"","_stock":"","_tribe_ticket_header":"","_tribe_default_ticket_provider":"","_tribe_ticket_capacity":"","_ticket_start_date":"","_ticket_end_date":"","_tribe_ticket_show_description":"","_tribe_ticket_show_not_going":false,"_tribe_ticket_use_global_stock":"","_tribe_ticket_global_stock_level":"","_global_stock_mode":"","_global_stock_cap":"","_tribe_rsvp_for_event":"","_tribe_ticket_going_count":"","_tribe_ticket_not_going_count":"","_tribe_tickets_list":"[]","_tribe_ticket_has_attendee_info_fields":false,"_EventAllDay":false,"_EventTimezone":"","_EventStartDate":"","_EventEndDate":"","_EventStartDateUTC":"","_EventEndDateUTC":"","_EventShowMap":false,"_EventShowMapLink":false,"_EventURL":"","_EventCost":"","_EventCostDescription":"","_EventCurrencySymbol":"","_EventCurrencyCode":"","_EventCurrencyPosition":"","_EventDateTimeSeparator":"","_EventTimeRangeSeparator":"","_EventOrganizerID":[],"_EventVenueID":[],"_OrganizerEmail":"","_OrganizerPhone":"","_OrganizerWebsite":"","_VenueAddress":"","_VenueCity":"","_VenueCountry":"","_VenueProvince":"","_VenueState":"","_VenueZip":"","_VenuePhone":"","_VenueURL":"","_VenueStateProvince":"","_VenueLat":"","_VenueLng":"","_VenueShowMap":false,"_VenueShowMapLink":false,"footnotes":""},"class_list":["post-38","page","type-page","status-publish","hentry"],"aioseo_notices":[],"_links":{"self":[{"href":"https:\/\/kristianstadpride.se\/en\/wp-json\/wp\/v2\/pages\/38","targetHints":{"allow":["GET"]}}],"collection":[{"href":"https:\/\/kristianstadpride.se\/en\/wp-json\/wp\/v2\/pages"}],"about":[{"href":"https:\/\/kristianstadpride.se\/en\/wp-json\/wp\/v2\/types\/page"}],"author":[{"embeddable":true,"href":"https:\/\/kristianstadpride.se\/en\/wp-json\/wp\/v2\/users\/1"}],"replies":[{"embeddable":true,"href":"https:\/\/kristianstadpride.se\/en\/wp-json\/wp\/v2\/comments?post=38"}],"version-history":[{"count":43,"href":"https:\/\/kristianstadpride.se\/en\/wp-json\/wp\/v2\/pages\/38\/revisions"}],"predecessor-version":[{"id":333,"href":"https:\/\/kristianstadpride.se\/en\/wp-json\/wp\/v2\/pages\/38\/revisions\/333"}],"wp:attachment":[{"href":"https:\/\/kristianstadpride.se\/en\/wp-json\/wp\/v2\/media?parent=38"}],"curies":[{"name":"wp","href":"https:\/\/api.w.org\/{rel}","templated":true}]}}